{"id":778,"date":"2025-03-16T00:35:34","date_gmt":"2025-03-16T00:35:34","guid":{"rendered":"https:\/\/jansetzemin.com\/?page_id=778"},"modified":"2025-03-16T00:42:29","modified_gmt":"2025-03-16T00:42:29","slug":"asfalt-kazima-grubu-urunleri","status":"publish","type":"page","link":"https:\/\/jansetzemin.com\/?page_id=778","title":{"rendered":"Asfalt Kaz\u0131ma Grubu \u00dcr\u00fcnleri"},"content":{"rendered":"\n\n\n\n\n\n\n\n\n\n\n\n\n\n\n\n\n\n\n\n\nAsfalt Kaz\u0131ma Grubu \u00dcr\u00fcnleri\n\n\n\n\n\n\n\n\n\n\n\n\n\n\n\n\n\n\n\n\n\n\nAkl\u0131n\u0131zda Herhangi Bir Sorumu Var?\n\n\n\n\n\n","protected":false},"excerpt":{"rendered":"","protected":false},"author":1,"featured_media":0,"parent":0,"menu_order":0,"comment_status":"closed","ping_status":"closed","template":"","meta":{"pagelayer_contact_templates":[],"_pagelayer_content":"","footnotes":""},"class_list":["post-778","page","type-page","status-publish","hentry"],"_links":{"self":[{"href":"https:\/\/jansetzemin.com\/index.php?rest_route=\/wp\/v2\/pages\/778","targetHints":{"allow":["GET"]}}],"collection":[{"href":"https:\/\/jansetzemin.com\/index.php?rest_route=\/wp\/v2\/pages"}],"about":[{"href":"https:\/\/jansetzemin.com\/index.php?rest_route=\/wp\/v2\/types\/page"}],"author":[{"embeddable":true,"href":"https:\/\/jansetzemin.com\/index.php?rest_route=\/wp\/v2\/users\/1"}],"replies":[{"embeddable":true,"href":"https:\/\/jansetzemin.com\/index.php?rest_route=%2Fwp%2Fv2%2Fcomments&post=778"}],"version-history":[{"count":3,"href":"https:\/\/jansetzemin.com\/index.php?rest_route=\/wp\/v2\/pages\/778\/revisions"}],"predecessor-version":[{"id":800,"href":"https:\/\/jansetzemin.com\/index.php?rest_route=\/wp\/v2\/pages\/778\/revisions\/800"}],"wp:attachment":[{"href":"https:\/\/jansetzemin.com\/index.php?rest_route=%2Fwp%2Fv2%2Fmedia&parent=778"}],"curies":[{"name":"wp","href":"https:\/\/api.w.org\/{rel}","templated":true}]}}