{"id":689,"date":"2025-03-15T23:01:41","date_gmt":"2025-03-15T23:01:41","guid":{"rendered":"https:\/\/jansetzemin.com\/?page_id=689"},"modified":"2025-03-15T23:02:41","modified_gmt":"2025-03-15T23:02:41","slug":"ankraj-basliklari-acili","status":"publish","type":"page","link":"https:\/\/jansetzemin.com\/?page_id=689","title":{"rendered":"Ankraj Ba\u015fl\u0131klar\u0131 A\u00e7\u0131l\u0131"},"content":{"rendered":"\n\n\nAnkraj Ba\u015fl\u0131klar\u0131 (A\u00e7\u0131l\u0131)\n\n\n\n\n\n<p>Lorem Ipsum has been the industry&#8217;s standard dummy text ever since the 1500s.<\/p>\n\n\nAnkraj Ba\u015fl\u0131klar\u0131 (A\u00e7\u0131l\u0131)\n\nAYRINTILAR\n\n\n<p>Lorem Ipsum has been the industry&#8217;s standard dummy text ever since the 1500s.<\/p>\n\n\n\n\n\n\nAkl\u0131n\u0131zda Herhangi Bir Sorumu Var?\n\n\n\n\n\n\n","protected":false},"excerpt":{"rendered":"","protected":false},"author":1,"featured_media":0,"parent":0,"menu_order":0,"comment_status":"closed","ping_status":"closed","template":"","meta":{"pagelayer_contact_templates":[],"_pagelayer_content":"","footnotes":""},"class_list":["post-689","page","type-page","status-publish","hentry"],"_links":{"self":[{"href":"https:\/\/jansetzemin.com\/index.php?rest_route=\/wp\/v2\/pages\/689","targetHints":{"allow":["GET"]}}],"collection":[{"href":"https:\/\/jansetzemin.com\/index.php?rest_route=\/wp\/v2\/pages"}],"about":[{"href":"https:\/\/jansetzemin.com\/index.php?rest_route=\/wp\/v2\/types\/page"}],"author":[{"embeddable":true,"href":"https:\/\/jansetzemin.com\/index.php?rest_route=\/wp\/v2\/users\/1"}],"replies":[{"embeddable":true,"href":"https:\/\/jansetzemin.com\/index.php?rest_route=%2Fwp%2Fv2%2Fcomments&post=689"}],"version-history":[{"count":2,"href":"https:\/\/jansetzemin.com\/index.php?rest_route=\/wp\/v2\/pages\/689\/revisions"}],"predecessor-version":[{"id":694,"href":"https:\/\/jansetzemin.com\/index.php?rest_route=\/wp\/v2\/pages\/689\/revisions\/694"}],"wp:attachment":[{"href":"https:\/\/jansetzemin.com\/index.php?rest_route=%2Fwp%2Fv2%2Fmedia&parent=689"}],"curies":[{"name":"wp","href":"https:\/\/api.w.org\/{rel}","templated":true}]}}