{"id":530,"date":"2025-03-03T11:42:50","date_gmt":"2025-03-03T11:42:50","guid":{"rendered":"https:\/\/jansetzemin.com\/?page_id=530"},"modified":"2025-03-04T13:57:52","modified_gmt":"2025-03-04T13:57:52","slug":"kilif-boru-ekipmanlari","status":"publish","type":"page","link":"https:\/\/jansetzemin.com\/?page_id=530","title":{"rendered":"K\u0131l\u0131f Boru Ekipmanlar\u0131"},"content":{"rendered":"\n\n\n\n\n\n\n\n\n\n\n\n\n\n\n\n\n\n\n\n\nK\u0131l\u0131f Boru Ekipmanlar\u0131\n\n\n\n\n\n\n\n\n\n\n\n\n\n\n\n\n\n\n\n\n\n\n\n\n\n\n\n\n\n\n\n\n\nAkl\u0131n\u0131zda Herhangi Bir Sorumu Var?\n\n\n\n\n\n","protected":false},"excerpt":{"rendered":"","protected":false},"author":1,"featured_media":0,"parent":0,"menu_order":0,"comment_status":"closed","ping_status":"closed","template":"","meta":{"pagelayer_contact_templates":[],"_pagelayer_content":"","footnotes":""},"class_list":["post-530","page","type-page","status-publish","hentry"],"_links":{"self":[{"href":"https:\/\/jansetzemin.com\/index.php?rest_route=\/wp\/v2\/pages\/530","targetHints":{"allow":["GET"]}}],"collection":[{"href":"https:\/\/jansetzemin.com\/index.php?rest_route=\/wp\/v2\/pages"}],"about":[{"href":"https:\/\/jansetzemin.com\/index.php?rest_route=\/wp\/v2\/types\/page"}],"author":[{"embeddable":true,"href":"https:\/\/jansetzemin.com\/index.php?rest_route=\/wp\/v2\/users\/1"}],"replies":[{"embeddable":true,"href":"https:\/\/jansetzemin.com\/index.php?rest_route=%2Fwp%2Fv2%2Fcomments&post=530"}],"version-history":[{"count":13,"href":"https:\/\/jansetzemin.com\/index.php?rest_route=\/wp\/v2\/pages\/530\/revisions"}],"predecessor-version":[{"id":583,"href":"https:\/\/jansetzemin.com\/index.php?rest_route=\/wp\/v2\/pages\/530\/revisions\/583"}],"wp:attachment":[{"href":"https:\/\/jansetzemin.com\/index.php?rest_route=%2Fwp%2Fv2%2Fmedia&parent=530"}],"curies":[{"name":"wp","href":"https:\/\/api.w.org\/{rel}","templated":true}]}}