{"id":46,"date":"2024-12-17T18:54:22","date_gmt":"2024-12-17T18:54:22","guid":{"rendered":"https:\/\/jansetzemin.com\/contact-us\/"},"modified":"2025-12-15T09:09:01","modified_gmt":"2025-12-15T09:09:01","slug":"iletisim","status":"publish","type":"page","link":"https:\/\/jansetzemin.com\/?page_id=46","title":{"rendered":"iletisim"},"content":{"rendered":"\n\n\n\n\n\n\n\n\n\n\n\n\n\n\n\n\n\n\n\nBizimle \u0130leti\u015fime Ge\u00e7in\n\n\n\n\n\n\n\n\n\n\n\n<div class=\"tw-ta-container F0azHf tw-nfl\" id=\"tw-target-text-container\" tabindex=\"0\" role=\"text\" style=\"overflow: hidden; position: relative; outline: 0px;\"><pre class=\"tw-data-text tw-text-large tw-ta\" data-placeholder=\"\u00c7eviri\" id=\"tw-target-text\" data-ved=\"2ahUKEwimxPr0mbeKAxWrGBAIHfm3KGYQ3ewLegQICRAU\" aria-label=\"\u00c7evrilmi\u015f metin: \u0130leti\u015fime Ge\u00e7in\" dir=\"ltr\" style=\"font-size: 28px; line-height: 36px; background-color: transparent; border-width: initial; border-style: none; padding-top: 2px; padding-right: 0.14em; padding-bottom: 2px; position: relative; margin-top: -2px; margin-bottom: -2px; resize: none; font-family: inherit; overflow: hidden; width: 270px; text-wrap-mode: wrap;\"><span class=\"Y2IQFc\" lang=\"tr\">\u0130leti\u015fime Ge\u00e7in<\/span><\/pre><\/div><div class=\"tw-target-rmn tw-ta-container F0azHf tw-nfl\" id=\"tw-target-rmn-container\" tabindex=\"0\" role=\"text\" style=\"overflow: hidden; position: relative; outline: 0px;\"><pre class=\"tw-data-placeholder tw-text-small tw-ta\" data-placeholder=\"\" id=\"tw-target-rmn\" dir=\"ltr\" style=\"background-color: transparent; border-width: initial; border-style: none; padding-right: 0.14em; position: relative; resize: none; font-family: inherit; overflow: hidden; width: 270px; text-wrap-mode: wrap; font-size: 16px; line-height: 24px; font-weight: normal; color: black;\"><span class=\"Y2IQFc\"><\/span><\/pre><\/div><div jsname=\"fek9E\" class=\"iYB33c\" style=\"display: flex; justify-content: space-between; width: 302px; position: absolute; bottom: 0px; left: 0px; height: 48px;\"><div class=\"dlJLJe\" style=\"display: flex; margin-top: 10px; margin-right: 11px; margin-left: auto; color: rgb(31, 31, 31); font-family: Arial, sans-serif; font-size: 0px; font-style: normal; font-variant-ligatures: normal; font-variant-caps: normal; font-weight: 400; background-color: rgb(248, 249, 250); text-decoration-style: initial;\"><div jscontroller=\"RXaBU\" data-cviv=\"false\" jsaction=\"R4nmZb:npT2md;C1RXse:PoUyQd\" data-ved=\"2ahUKEwimxPr0mbeKAxWrGBAIHfm3KGYQz_AEegQICRAV\" style=\"visibility: hidden; position: relative;\"><g-bubble jscontroller=\"QVaUhf\" data-du=\"200\" data-tp=\"5\" jsaction=\"R9S7w:VqIRre;\" jsshadow=\"\"><span jsname=\"d6wfac\" class=\"c5aZPb\" data-extra-container-classes=\"tw-verified-tooltip\" data-hover-hide-delay=\"1000\" data-hover-open-delay=\"500\" data-theme=\"0\" data-width=\"0\" role=\"button\" tabindex=\"0\" jsaction=\"vQLyHf\" jsslot=\"\" style=\"cursor: pointer; outline: 0px; display: inline-block;\"><div class=\"U9URNb\" style=\"opacity: 0.74; color: var(--COEmY); font-size: 12px; font-style: italic; min-width: 26px; margin: -11px; padding: 11px;\"><g-img class=\"XrZwB\" aria-label=\"Topluluk Taraf\u0131ndan Do\u011fruland\u0131 simgesi\" role=\"img\" style=\"display: inline-block; height: 26px; padding-left: 5px; vertical-align: middle;\"><img loading=\"lazy\" decoding=\"async\" id=\"dimg_m9VlZ-aKCauxwPAP-e-isQY_3\" src=\"data:image\/png;base64,iVBORw0KGgoAAAANSUhEUgAAABQAAAAUCAQAAAAngNWGAAAA\/0lEQVR4AYXNMSiEcRyA4cfmGHQbCZIipkuxnJgMStlMNmeyD2dwmc8+sZgxYJd9ErIZFHUyYYD7fkr6l4\/rnvmtl7+KitrqV\/fq2Y5eLY3Z9S48eRLe7BmVZ9qhTLhQ0algzZWQOVKSsCF8OjAnwbxDTWFDUhPK\/jMr1H6HE\/IqRky2DyvCefuwItwZzodVoYRiLqMkVCXrwpJ9twZ+sgfDYEFYl8wIWxZ9uFf7zkallxlJh4YrLGsKjZRx7VGHhLqwgFUN45DGdb8MeXGpgB4ABZdeDcpZEY51A+hyLKz4S1W4MQWm3AibWtgWmk6dyISa1pSdyWTOlLXVp0+eL9D\/ZPfBTNanAAAAAElFTkSuQmCC\" class=\"YQ4gaf zr758c wA1Bge\" height=\"16\" width=\"16\" alt=\"Topluluk Taraf\u0131ndan Do\u011fruland\u0131 simgesi\" data-csiid=\"m9VlZ-aKCauxwPAP-e-isQY_5\" data-atf=\"0\" style=\"display: block; position: relative; padding-top: 3px;\"><\/g-img><span jsname=\"U2jMLc\" class=\"nlMhfd\" style=\"display: inline-block; height: 26px; line-height: 26px; word-break: break-all;\"><\/span><\/div><\/span><\/g-bubble><\/div><\/div><\/div>\n\n\n\n\n\n<iframe src=\"https:\/\/www.google.com\/maps\/embed?pb=!1m18!1m12!1m3!1d3124.2257087150597!2d27.178288761624163!3d38.45935018314231!2m3!1f0!2f0!3f0!3m2!1i1024!2i768!4f13.1!3m3!1m2!1s0x14b97d4bef57bd8b%3A0x38d16392c7eb849c!2zSkFOU0VUIFpFTcSwTiDEsE7FnkFBVCBUQUFISMOcVCBNQUvEsE5BIFZFIFNBTkFZxLAgVMSwQ0FSRVQgTMSwTcSwVEVEIMWexLBSS0VUxLA!5e0!3m2!1str!2str!4v1734727832007!5m2!1str!2str\" width=\"100%\" height=\"450\" style=\"border:0;\" allowfullscreen=\"\" loading=\"lazy\" referrerpolicy=\"no-referrer-when-downgrade\"><\/iframe>\n\n\n\n\n<h2>Janset Zemin Bak\u0131m Onar\u0131m ve Park Alan\u0131m\u0131z<\/h2>\n\n1430 Sokak  No:27 Hurdac\u0131lar Sitesi Do\u011fanlar&nbsp;Bornova\n\n\n\n\n<iframe src=\"https:\/\/www.google.com\/maps\/embed?pb=!1m17!1m12!1m3!1d3124.5736084367672!2d27.252824775915425!3d38.45131677182273!2m3!1f0!2f0!3f0!3m2!1i1024!2i768!4f13.1!3m2!1m1!2zMzjCsDI3JzA0LjciTiAyN8KwMTUnMTkuNCJF!5e0!3m2!1str!2str!4v1765787567249!5m2!1str!2str\" width=\"100%\" height=\"450\" style=\"border:0;\" allowfullscreen=\"\" loading=\"lazy\" referrerpolicy=\"no-referrer-when-downgrade\"><\/iframe>\n\n\n\n\n\n\n\n\n\n\n\n","protected":false},"excerpt":{"rendered":"","protected":false},"author":1,"featured_media":0,"parent":0,"menu_order":0,"comment_status":"closed","ping_status":"closed","template":"","meta":{"pagelayer_contact_templates":[],"_pagelayer_content":"","footnotes":""},"class_list":["post-46","page","type-page","status-publish","hentry"],"_links":{"self":[{"href":"https:\/\/jansetzemin.com\/index.php?rest_route=\/wp\/v2\/pages\/46","targetHints":{"allow":["GET"]}}],"collection":[{"href":"https:\/\/jansetzemin.com\/index.php?rest_route=\/wp\/v2\/pages"}],"about":[{"href":"https:\/\/jansetzemin.com\/index.php?rest_route=\/wp\/v2\/types\/page"}],"author":[{"embeddable":true,"href":"https:\/\/jansetzemin.com\/index.php?rest_route=\/wp\/v2\/users\/1"}],"replies":[{"embeddable":true,"href":"https:\/\/jansetzemin.com\/index.php?rest_route=%2Fwp%2Fv2%2Fcomments&post=46"}],"version-history":[{"count":30,"href":"https:\/\/jansetzemin.com\/index.php?rest_route=\/wp\/v2\/pages\/46\/revisions"}],"predecessor-version":[{"id":842,"href":"https:\/\/jansetzemin.com\/index.php?rest_route=\/wp\/v2\/pages\/46\/revisions\/842"}],"wp:attachment":[{"href":"https:\/\/jansetzemin.com\/index.php?rest_route=%2Fwp%2Fv2%2Fmedia&parent=46"}],"curies":[{"name":"wp","href":"https:\/\/api.w.org\/{rel}","templated":true}]}}