{"id":43,"date":"2024-12-17T18:54:22","date_gmt":"2024-12-17T18:54:22","guid":{"rendered":"https:\/\/jansetzemin.com\/home\/"},"modified":"2025-05-02T13:57:37","modified_gmt":"2025-05-02T13:57:37","slug":"home","status":"publish","type":"page","link":"https:\/\/jansetzemin.com\/","title":{"rendered":"Home"},"content":{"rendered":"\n\n\nJanset Zemin&#8217;e Ho\u015fgeldiniz&nbsp;\nKalite, Tecr\u00fcbe ve Devaml\u0131 Geli\u015ftirdi\u011fimiz \u00dcr\u00fcnlerimizle Hizmetinizdeyiz\n\n\n\n\n\nFavori \u00dcr\u00fcnlerimiz\n\n\n\n\n\n<p><span style=\"font-size: 18px;\">\u00c7al\u0131\u015fma Alan\u0131 :<strong>&nbsp;<\/strong><\/span><span style=\"font-style: inherit; font-variant-ligatures: inherit; font-variant-caps: inherit; font-weight: inherit; font-size: 18px;\">Kaya ve Kum<\/span><\/p><p><strong style=\"font-family: Raleway; font-size: 18px;\">Ebatlar :&nbsp;<\/strong><span style=\"font-size: 18px; font-style: inherit; font-variant-ligatures: inherit; font-variant-caps: inherit; font-weight: inherit;\">60 90 100 120<\/span><\/p>\n\n\n<p><span style=\"font-size: 18px;\"><strong><br><\/strong><\/span><\/p><p><span style=\"font-size: 18px;\"><strong>Ebatlar :&nbsp;<\/strong><\/span><span style=\"font-size: 18px; font-style: inherit; font-variant-ligatures: inherit; font-variant-caps: inherit; font-weight: inherit;\">60 80 90 100 120<\/span><\/p>\n\n\n\n\n\n\n\n\n\n<span style=\"text-decoration-style: initial;\">Janset Zemin Kimdir?<\/span>\n\n<p style=\"text-align: center; \"><span style=\"color: rgb(255, 255, 255); font-size: 14px;\">Janset Zemin, zemin delgi i\u015flemlerinde kullan\u0131lan y\u00fcksek performansl\u0131 ve dayan\u0131kl\u0131 par\u00e7alar\u0131n sat\u0131\u015f\u0131n\u0131 yapan. \u0130n\u015faat, madencilik, altyap\u0131 projeleri ve end\u00fcstriyel uygulamalar gibi bir\u00e7ok alanda ihtiya\u00e7 duyulan zemin delgi par\u00e7alar\u0131n\u0131, geni\u015f \u00fcr\u00fcn yelpazesi ve rekabet\u00e7i fiyatlarla m\u00fc\u015fterilerimize sunmaktay\u0131z.<\/span><\/p>\n\n\n\n\n\n\n\nSon Eklenen \u00dcr\u00fcnlerimiz\n\n\n\n\n\n\n\n\n\n\n\n\n\n\n\n\n\n\n\n\n\n\n\n\n\n\n\n\n\n\n\n","protected":false},"excerpt":{"rendered":"","protected":false},"author":1,"featured_media":0,"parent":0,"menu_order":0,"comment_status":"closed","ping_status":"closed","template":"","meta":{"pagelayer_contact_templates":[],"_pagelayer_content":"","footnotes":""},"class_list":["post-43","page","type-page","status-publish","hentry"],"_links":{"self":[{"href":"https:\/\/jansetzemin.com\/index.php?rest_route=\/wp\/v2\/pages\/43","targetHints":{"allow":["GET"]}}],"collection":[{"href":"https:\/\/jansetzemin.com\/index.php?rest_route=\/wp\/v2\/pages"}],"about":[{"href":"https:\/\/jansetzemin.com\/index.php?rest_route=\/wp\/v2\/types\/page"}],"author":[{"embeddable":true,"href":"https:\/\/jansetzemin.com\/index.php?rest_route=\/wp\/v2\/users\/1"}],"replies":[{"embeddable":true,"href":"https:\/\/jansetzemin.com\/index.php?rest_route=%2Fwp%2Fv2%2Fcomments&post=43"}],"version-history":[{"count":52,"href":"https:\/\/jansetzemin.com\/index.php?rest_route=\/wp\/v2\/pages\/43\/revisions"}],"predecessor-version":[{"id":825,"href":"https:\/\/jansetzemin.com\/index.php?rest_route=\/wp\/v2\/pages\/43\/revisions\/825"}],"wp:attachment":[{"href":"https:\/\/jansetzemin.com\/index.php?rest_route=%2Fwp%2Fv2%2Fmedia&parent=43"}],"curies":[{"name":"wp","href":"https:\/\/api.w.org\/{rel}","templated":true}]}}